{"id":861,"date":"2026-02-19T21:26:41","date_gmt":"2026-02-19T21:26:41","guid":{"rendered":"https:\/\/solidfactory.se\/kontakt\/"},"modified":"2026-02-28T16:29:02","modified_gmt":"2026-02-28T16:29:02","slug":"kontakt","status":"publish","type":"page","link":"https:\/\/solidfactory.se\/sv\/kontakt\/","title":{"rendered":"Kontakt"},"content":{"rendered":"\t\t<div data-elementor-type=\"wp-page\" data-elementor-id=\"861\" class=\"elementor elementor-861 elementor-171\" data-elementor-post-type=\"page\">\n\t\t\t\t<div class=\"elementor-element elementor-element-635f072 e-flex e-con-boxed e-con e-parent\" data-id=\"635f072\" data-element_type=\"container\" data-e-type=\"container\" data-settings=\"{&quot;background_background&quot;:&quot;classic&quot;}\">\n\t\t\t\t\t<div class=\"e-con-inner\">\n\t\t<div class=\"elementor-element elementor-element-60e472e e-con-full e-flex e-con e-child\" data-id=\"60e472e\" data-element_type=\"container\" data-e-type=\"container\">\n\t\t\t\t<div class=\"elementor-element elementor-element-29ef55a elementor-widget elementor-widget-heading\" data-id=\"29ef55a\" data-element_type=\"widget\" data-e-type=\"widget\" data-widget_type=\"heading.default\">\n\t\t\t\t\t<h1 class=\"elementor-heading-title elementor-size-default\">Kontakt<\/h1>\t\t\t\t<\/div>\n\t\t\t\t<div class=\"elementor-element elementor-element-cdf278d elementor-widget elementor-widget-text-editor\" data-id=\"cdf278d\" data-element_type=\"widget\" data-e-type=\"widget\" data-widget_type=\"text-editor.default\">\n\t\t\t\t\t\t\t\t\t<p>Vi presterar b\u00e4st i projekt d\u00e4r monteringseffektivitet \u00e4r avg\u00f6rande, kvaliteten m\u00e5ste vara f\u00f6ruts\u00e4gbar och system f\u00f6redras framf\u00f6r improvisation.<\/p>\t\t\t\t\t\t\t\t<\/div>\n\t\t\t\t<\/div>\n\t\t\t\t\t<\/div>\n\t\t\t\t<\/div>\n\t\t<div class=\"elementor-element elementor-element-1772337 e-flex e-con-boxed e-con e-parent\" data-id=\"1772337\" data-element_type=\"container\" data-e-type=\"container\" data-settings=\"{&quot;background_background&quot;:&quot;classic&quot;}\">\n\t\t\t\t\t<div class=\"e-con-inner\">\n\t\t\t\t<div class=\"elementor-element elementor-element-b43b903 e-con e-atomic-element e-flexbox-base e-b43b903-0d7c7de\" data-id=\"b43b903\" data-element_type=\"e-flexbox\" data-e-type=\"e-flexbox\" data-e-type=\"e-flexbox\" data-id=\"b43b903\">\n\t\t<div class=\"elementor-element elementor-element-7642eda e-flex e-con-boxed e-con e-parent\" data-id=\"7642eda\" data-element_type=\"container\" data-e-type=\"container\">\n\t\t\t\t\t<div class=\"e-con-inner\">\n\t\t\t\t<div class=\"elementor-element elementor-element-fb7d5a7 elementor-widget elementor-widget-heading\" data-id=\"fb7d5a7\" data-element_type=\"widget\" data-e-type=\"widget\" data-widget_type=\"heading.default\">\n\t\t\t\t\t<h2 class=\"elementor-heading-title elementor-size-default\">Okomplicerat. Alltid rakt p\u00e5 sak.<\/h2>\t\t\t\t<\/div>\n\t\t\t\t<div class=\"elementor-element elementor-element-cefb557 elementor-widget elementor-widget-text-editor\" data-id=\"cefb557\" data-element_type=\"widget\" data-e-type=\"widget\" data-widget_type=\"text-editor.default\">\n\t\t\t\t\t\t\t\t\t<p>Solid Factory \u00e4r en systempartner f\u00f6r projektteam som v\u00e4rdes\u00e4tter precision, struktur och repeterbar kvalitet.<br><br>Vi st\u00f6djer projekt d\u00e4r planering \u00e4r viktig \u2013 och d\u00e4r kvaliteten byggs in innan produktionen p\u00e5b\u00f6rjas.<\/p>\t\t\t\t\t\t\t\t<\/div>\n\t\t\t\t\t    \t            <a\n            \t\t\thref=\"https:\/\/solidfactory.se\/sv\/partnerskap\/\"\n        target=\"_self\"\n            class=\"Button e-5736480-5f732cc e-button-base\"\n            data-interaction-id=\"5736480\"\n            data-interactions=\"&#x5B;&#x5D;\"\n             data-e-type=\"widget\" data-id=\"5736480\"\n        >\n            Om Solid Factory\n        <\/a>\n    \t\t\t\t\t<\/div>\n\t\t\t\t<\/div>\n\t\t<div class=\"elementor-element elementor-element-00e08b3 e-flex e-con-boxed e-con e-parent\" data-id=\"00e08b3\" data-element_type=\"container\" data-e-type=\"container\">\n\t\t\t\t\t<div class=\"e-con-inner\">\n\t\t<div class=\"elementor-element elementor-element-0bf59d6 e-con-full clip-path-medium e-flex e-con e-child\" data-id=\"0bf59d6\" data-element_type=\"container\" data-e-type=\"container\" data-settings=\"{&quot;background_background&quot;:&quot;classic&quot;}\">\n\t\t\t\t<div class=\"elementor-element elementor-element-1ca382d elementor-widget elementor-widget-heading\" data-id=\"1ca382d\" data-element_type=\"widget\" data-e-type=\"widget\" data-widget_type=\"heading.default\">\n\t\t\t\t\t<h3 class=\"elementor-heading-title elementor-size-default\">Huvudmarknader<\/h3>\t\t\t\t<\/div>\n\t\t\t\t<div class=\"elementor-element elementor-element-94e4db0 elementor-widget elementor-widget-text-editor\" data-id=\"94e4db0\" data-element_type=\"widget\" data-e-type=\"widget\" data-widget_type=\"text-editor.default\">\n\t\t\t\t\t\t\t\t\t<p>Solid Factory st\u00f6djer monterings- och projektteam i hela Skandinavien och p\u00e5 Island.<\/p>\t\t\t\t\t\t\t\t<\/div>\n\t\t\t\t<\/div>\n\t\t<div class=\"elementor-element elementor-element-7c5469e e-con-full clip-path-medium e-flex e-con e-child\" data-id=\"7c5469e\" data-element_type=\"container\" data-e-type=\"container\" data-settings=\"{&quot;background_background&quot;:&quot;classic&quot;}\">\n\t\t\t\t<div class=\"elementor-element elementor-element-b7741ab elementor-widget elementor-widget-heading\" data-id=\"b7741ab\" data-element_type=\"widget\" data-e-type=\"widget\" data-widget_type=\"heading.default\">\n\t\t\t\t\t<h3 class=\"elementor-heading-title elementor-size-default\">De b\u00e4sta resultaten b\u00f6rjar tidigt<\/h3>\t\t\t\t<\/div>\n\t\t\t\t<div class=\"elementor-element elementor-element-4bf5470 elementor-widget elementor-widget-text-editor\" data-id=\"4bf5470\" data-element_type=\"widget\" data-e-type=\"widget\" data-widget_type=\"text-editor.default\">\n\t\t\t\t\t\t\t\t\t<p>Tidig dialog g\u00f6r det m\u00f6jligt f\u00f6r oss att f\u00f6rtydliga systemval, minska monteringsrisker och st\u00f6dja ett effektivt projektgenomf\u00f6rande.<\/p>\t\t\t\t\t\t\t\t<\/div>\n\t\t\t\t<\/div>\n\t\t\t\t\t<\/div>\n\t\t\t\t<\/div>\n\t\t\t\t<\/div>\n\t\t\t\t\t<\/div>\n\t\t\t\t<\/div>\n\t\t<div class=\"elementor-element elementor-element-78dd88f e-flex e-con-boxed e-con e-parent\" data-id=\"78dd88f\" data-element_type=\"container\" data-e-type=\"container\">\n\t\t\t\t\t<div class=\"e-con-inner\">\n\t\t<div class=\"elementor-element elementor-element-9197570 e-con-full e-flex e-con e-child\" data-id=\"9197570\" data-element_type=\"container\" data-e-type=\"container\" data-settings=\"{&quot;background_background&quot;:&quot;classic&quot;}\">\n\t\t\t\t<div class=\"elementor-element elementor-element-deddd97 elementor-widget elementor-widget-spacer\" data-id=\"deddd97\" data-element_type=\"widget\" data-e-type=\"widget\" data-widget_type=\"spacer.default\">\n\t\t\t\t\t\t\t<div class=\"elementor-spacer\">\n\t\t\t<div class=\"elementor-spacer-inner\"><\/div>\n\t\t<\/div>\n\t\t\t\t\t\t<\/div>\n\t\t\t\t<div class=\"elementor-element elementor-element-1b96bdd elementor-widget elementor-widget-heading\" data-id=\"1b96bdd\" data-element_type=\"widget\" data-e-type=\"widget\" data-widget_type=\"heading.default\">\n\t\t\t\t\t<h2 class=\"elementor-heading-title elementor-size-default\">F\u00f6r att komma ig\u00e5ng snabbt, inkludera:<\/h2>\t\t\t\t<\/div>\n\t\t\t\t<\/div>\n\t\t<div class=\"elementor-element elementor-element-1903058 e-con-full clip-path-medium e-flex e-con e-child\" data-id=\"1903058\" data-element_type=\"container\" data-e-type=\"container\" data-settings=\"{&quot;background_background&quot;:&quot;classic&quot;}\">\n\t\t\t\t<div class=\"elementor-element elementor-element-f208c5d elementor-icon-list--layout-inline elementor-list-item-link-full_width elementor-widget elementor-widget-icon-list\" data-id=\"f208c5d\" data-element_type=\"widget\" data-e-type=\"widget\" data-widget_type=\"icon-list.default\">\n\t\t\t\t\t\t\t<ul class=\"elementor-icon-list-items elementor-inline-items\">\n\t\t\t\t\t\t\t<li class=\"elementor-icon-list-item elementor-inline-item\">\n\t\t\t\t\t\t\t\t\t\t\t<span class=\"elementor-icon-list-icon\">\n\t\t\t\t\t\t\t<svg xmlns=\"http:\/\/www.w3.org\/2000\/svg\" width=\"8\" height=\"8\" viewBox=\"0 0 8 8\" fill=\"none\"><path d=\"M5 0H4H3L0 3V4V5L3 8H4H5L8 5V4V3L5 0Z\" fill=\"#F9A51C\"><\/path><\/svg>\t\t\t\t\t\t<\/span>\n\t\t\t\t\t\t\t\t\t\t<span class=\"elementor-icon-list-text\">Projektplats och tidsplan<\/span>\n\t\t\t\t\t\t\t\t\t<\/li>\n\t\t\t\t\t\t\t\t<li class=\"elementor-icon-list-item elementor-inline-item\">\n\t\t\t\t\t\t\t\t\t\t\t<span class=\"elementor-icon-list-icon\">\n\t\t\t\t\t\t\t<svg xmlns=\"http:\/\/www.w3.org\/2000\/svg\" width=\"8\" height=\"8\" viewBox=\"0 0 8 8\" fill=\"none\"><path d=\"M5 0H4H3L0 3V4V5L3 8H4H5L8 5V4V3L5 0Z\" fill=\"#F9A51C\"><\/path><\/svg>\t\t\t\t\t\t<\/span>\n\t\t\t\t\t\t\t\t\t\t<span class=\"elementor-icon-list-text\">Omfattning f\u00f6r fasad\/f\u00f6nster\/d\u00f6rr<\/span>\n\t\t\t\t\t\t\t\t\t<\/li>\n\t\t\t\t\t\t\t\t<li class=\"elementor-icon-list-item elementor-inline-item\">\n\t\t\t\t\t\t\t\t\t\t\t<span class=\"elementor-icon-list-icon\">\n\t\t\t\t\t\t\t<svg xmlns=\"http:\/\/www.w3.org\/2000\/svg\" width=\"8\" height=\"8\" viewBox=\"0 0 8 8\" fill=\"none\"><path d=\"M5 0H4H3L0 3V4V5L3 8H4H5L8 5V4V3L5 0Z\" fill=\"#F9A51C\"><\/path><\/svg>\t\t\t\t\t\t<\/span>\n\t\t\t\t\t\t\t\t\t\t<span class=\"elementor-icon-list-text\">Ritningar (PDF\/DWG om tillg\u00e4ngligt)<\/span>\n\t\t\t\t\t\t\t\t\t<\/li>\n\t\t\t\t\t\t\t\t<li class=\"elementor-icon-list-item elementor-inline-item\">\n\t\t\t\t\t\t\t\t\t\t\t<span class=\"elementor-icon-list-icon\">\n\t\t\t\t\t\t\t<svg xmlns=\"http:\/\/www.w3.org\/2000\/svg\" width=\"8\" height=\"8\" viewBox=\"0 0 8 8\" fill=\"none\"><path d=\"M5 0H4H3L0 3V4V5L3 8H4H5L8 5V4V3L5 0Z\" fill=\"#F9A51C\"><\/path><\/svg>\t\t\t\t\t\t<\/span>\n\t\t\t\t\t\t\t\t\t\t<span class=\"elementor-icon-list-text\">F\u00f6rv\u00e4ntningar p\u00e5 monteringssekvens<\/span>\n\t\t\t\t\t\t\t\t\t<\/li>\n\t\t\t\t\t\t\t\t<li class=\"elementor-icon-list-item elementor-inline-item\">\n\t\t\t\t\t\t\t\t\t\t\t<span class=\"elementor-icon-list-icon\">\n\t\t\t\t\t\t\t<svg xmlns=\"http:\/\/www.w3.org\/2000\/svg\" width=\"8\" height=\"8\" viewBox=\"0 0 8 8\" fill=\"none\"><path d=\"M5 0H4H3L0 3V4V5L3 8H4H5L8 5V4V3L5 0Z\" fill=\"#F9A51C\"><\/path><\/svg>\t\t\t\t\t\t<\/span>\n\t\t\t\t\t\t\t\t\t\t<span class=\"elementor-icon-list-text\">Platsbegr\u00e4nsningar<\/span>\n\t\t\t\t\t\t\t\t\t<\/li>\n\t\t\t\t\t\t<\/ul>\n\t\t\t\t\t\t<\/div>\n\t\t\t\t<\/div>\n\t\t\t\t\t<\/div>\n\t\t\t\t<\/div>\n\t\t<div class=\"elementor-element elementor-element-b16979a e-flex e-con-boxed e-con e-parent\" data-id=\"b16979a\" data-element_type=\"container\" data-e-type=\"container\" data-settings=\"{&quot;background_background&quot;:&quot;classic&quot;}\">\n\t\t\t\t\t<div class=\"e-con-inner\">\n\t\t\t\t<div class=\"elementor-element elementor-element-30570c5 e-con e-atomic-element e-flexbox-base e-30570c5-09f5a39\" data-id=\"30570c5\" data-element_type=\"e-flexbox\" data-e-type=\"e-flexbox\" data-e-type=\"e-flexbox\" data-id=\"30570c5\">\n\t\t<div class=\"elementor-element elementor-element-ca17b89 e-con-full clip-path-large e-flex e-con e-parent\" data-id=\"ca17b89\" data-element_type=\"container\" data-e-type=\"container\" data-settings=\"{&quot;background_background&quot;:&quot;classic&quot;}\">\n\t\t\t\t<div class=\"elementor-element elementor-element-3950f98 elementor-widget elementor-widget-heading\" data-id=\"3950f98\" data-element_type=\"widget\" data-e-type=\"widget\" data-widget_type=\"heading.default\">\n\t\t\t\t\t<h2 class=\"elementor-heading-title elementor-size-default\">L\u00e5t oss definiera \nsystemet tidigt.<\/h2>\t\t\t\t<\/div>\n\t\t\t\t<div class=\"elementor-element elementor-element-50fc354 elementor-widget elementor-widget-text-editor\" data-id=\"50fc354\" data-element_type=\"widget\" data-e-type=\"widget\" data-widget_type=\"text-editor.default\">\n\t\t\t\t\t\t\t\t\t<p>Vi fokuserar p\u00e5 projekt d\u00e4r precision \u00e4r n\u00f6dv\u00e4ndig, monteringseffektivitet \u00e4r viktig och l\u00e5ngsiktig tillf\u00f6rlitlighet f\u00f6rv\u00e4ntas.<\/p><p><strong>Ni kan kontakta oss p\u00e5:<\/strong><\/p><p>Mihkel Kiisel<br>F\u00f6rs\u00e4ljningschef<br><a href=\"mailto:info@solidfactory.se\">info@solidfactory.se<\/a><\/p>\t\t\t\t\t\t\t\t<\/div>\n\t\t\t\t<\/div>\n\t\t<div class=\"elementor-element elementor-element-1df8e1f e-con-full e-grid e-con e-parent\" data-id=\"1df8e1f\" data-element_type=\"container\" data-e-type=\"container\">\n\t\t<div class=\"elementor-element elementor-element-375e20d e-flex e-con-boxed e-con e-child\" data-id=\"375e20d\" data-element_type=\"container\" data-e-type=\"container\">\n\t\t\t\t\t<div class=\"e-con-inner\">\n\t\t\t\t<div class=\"elementor-element elementor-element-5d84ff9 clip-path-medium elementor-widget elementor-widget-image\" data-id=\"5d84ff9\" data-element_type=\"widget\" data-e-type=\"widget\" data-widget_type=\"image.default\">\n\t\t\t\t\t\t\t\t\t\t\t\t\t\t\t<img fetchpriority=\"high\" decoding=\"async\" width=\"334\" height=\"444\" src=\"https:\/\/solidfactory.se\/wp-content\/uploads\/2026\/02\/Adobe-Express-file-4-1-1.png\" class=\"attachment-large size-large wp-image-867\" alt=\"\" srcset=\"https:\/\/solidfactory.se\/wp-content\/uploads\/2026\/02\/Adobe-Express-file-4-1-1.png 334w, https:\/\/solidfactory.se\/wp-content\/uploads\/2026\/02\/Adobe-Express-file-4-1-1-226x300.png 226w\" sizes=\"(max-width: 334px) 100vw, 334px\" \/>\t\t\t\t\t\t\t\t\t\t\t\t\t\t\t<\/div>\n\t\t<div class=\"elementor-element elementor-element-1321b87 e-con-full e-flex e-con e-child\" data-id=\"1321b87\" data-element_type=\"container\" data-e-type=\"container\">\n\t\t\t\t<div class=\"elementor-element elementor-element-079de2e elementor-widget elementor-widget-heading\" data-id=\"079de2e\" data-element_type=\"widget\" data-e-type=\"widget\" data-widget_type=\"heading.default\">\n\t\t\t\t\t<h2 class=\"elementor-heading-title elementor-size-default\">Margo Kess<\/h2>\t\t\t\t<\/div>\n\t\t\t\t<div class=\"elementor-element elementor-element-c3c7ca2 elementor-widget elementor-widget-text-editor\" data-id=\"c3c7ca2\" data-element_type=\"widget\" data-e-type=\"widget\" data-widget_type=\"text-editor.default\">\n\t\t\t\t\t\t\t\t\t<p>Ansvarig f\u00f6r st\u00e4ndiga f\u00f6rb\u00e4ttringar<\/p>\t\t\t\t\t\t\t\t<\/div>\n\t\t\t\t<div class=\"elementor-element elementor-element-e6f1fbb elementor-widget elementor-widget-text-editor\" data-id=\"e6f1fbb\" data-element_type=\"widget\" data-e-type=\"widget\" data-widget_type=\"text-editor.default\">\n\t\t\t\t\t\t\t\t\t<p><a href=\"mailto:margo@solidfactory.se\">margo@solidfactory.se<\/a><\/p>\t\t\t\t\t\t\t\t<\/div>\n\t\t\t\t<\/div>\n\t\t\t\t\t<\/div>\n\t\t\t\t<\/div>\n\t\t<div class=\"elementor-element elementor-element-e87be30 e-flex e-con-boxed e-con e-child\" data-id=\"e87be30\" data-element_type=\"container\" data-e-type=\"container\">\n\t\t\t\t\t<div class=\"e-con-inner\">\n\t\t\t\t<div class=\"elementor-element elementor-element-880efe3 clip-path-medium elementor-widget elementor-widget-image\" data-id=\"880efe3\" data-element_type=\"widget\" data-e-type=\"widget\" data-widget_type=\"image.default\">\n\t\t\t\t\t\t\t\t\t\t\t\t\t\t\t<img decoding=\"async\" width=\"600\" height=\"750\" src=\"https:\/\/solidfactory.se\/wp-content\/uploads\/2026\/02\/Untitled-2.png\" class=\"attachment-large size-large wp-image-868\" alt=\"\" srcset=\"https:\/\/solidfactory.se\/wp-content\/uploads\/2026\/02\/Untitled-2.png 600w, https:\/\/solidfactory.se\/wp-content\/uploads\/2026\/02\/Untitled-2-240x300.png 240w\" sizes=\"(max-width: 600px) 100vw, 600px\" \/>\t\t\t\t\t\t\t\t\t\t\t\t\t\t\t<\/div>\n\t\t<div class=\"elementor-element elementor-element-99ee3bf e-con-full e-flex e-con e-child\" data-id=\"99ee3bf\" data-element_type=\"container\" data-e-type=\"container\">\n\t\t\t\t<div class=\"elementor-element elementor-element-b539cf4 elementor-widget elementor-widget-heading\" data-id=\"b539cf4\" data-element_type=\"widget\" data-e-type=\"widget\" data-widget_type=\"heading.default\">\n\t\t\t\t\t<h2 class=\"elementor-heading-title elementor-size-default\">Heigo Sulaoja<\/h2>\t\t\t\t<\/div>\n\t\t\t\t<div class=\"elementor-element elementor-element-63dbb09 elementor-widget elementor-widget-text-editor\" data-id=\"63dbb09\" data-element_type=\"widget\" data-e-type=\"widget\" data-widget_type=\"text-editor.default\">\n\t\t\t\t\t\t\t\t\t<p>Projektkoordinator<\/p>\t\t\t\t\t\t\t\t<\/div>\n\t\t\t\t<div class=\"elementor-element elementor-element-08804d5 elementor-widget elementor-widget-text-editor\" data-id=\"08804d5\" data-element_type=\"widget\" data-e-type=\"widget\" data-widget_type=\"text-editor.default\">\n\t\t\t\t\t\t\t\t\t<p><a href=\"mailto:heigo@solidfactory.se\">heigo@solidfactory.se<\/a><\/p>\t\t\t\t\t\t\t\t<\/div>\n\t\t\t\t<\/div>\n\t\t\t\t\t<\/div>\n\t\t\t\t<\/div>\n\t\t<div class=\"elementor-element elementor-element-e1310d6 e-flex e-con-boxed e-con e-child\" data-id=\"e1310d6\" data-element_type=\"container\" data-e-type=\"container\">\n\t\t\t\t\t<div class=\"e-con-inner\">\n\t\t\t\t<div class=\"elementor-element elementor-element-89f3cd1 clip-path-medium elementor-widget elementor-widget-image\" data-id=\"89f3cd1\" data-element_type=\"widget\" data-e-type=\"widget\" data-widget_type=\"image.default\">\n\t\t\t\t\t\t\t\t\t\t\t\t\t\t\t<img decoding=\"async\" width=\"286\" height=\"430\" src=\"https:\/\/solidfactory.se\/wp-content\/uploads\/2026\/02\/Adobe-Express-file-1.png\" class=\"attachment-large size-large wp-image-865\" alt=\"\" srcset=\"https:\/\/solidfactory.se\/wp-content\/uploads\/2026\/02\/Adobe-Express-file-1.png 286w, https:\/\/solidfactory.se\/wp-content\/uploads\/2026\/02\/Adobe-Express-file-1-200x300.png 200w\" sizes=\"(max-width: 286px) 100vw, 286px\" \/>\t\t\t\t\t\t\t\t\t\t\t\t\t\t\t<\/div>\n\t\t<div class=\"elementor-element elementor-element-94cdd5f e-con-full e-flex e-con e-child\" data-id=\"94cdd5f\" data-element_type=\"container\" data-e-type=\"container\">\n\t\t\t\t<div class=\"elementor-element elementor-element-4cfc6ea elementor-widget elementor-widget-heading\" data-id=\"4cfc6ea\" data-element_type=\"widget\" data-e-type=\"widget\" data-widget_type=\"heading.default\">\n\t\t\t\t\t<h2 class=\"elementor-heading-title elementor-size-default\">Mihkel Kiisel<\/h2>\t\t\t\t<\/div>\n\t\t\t\t<div class=\"elementor-element elementor-element-0bf097a elementor-widget elementor-widget-text-editor\" data-id=\"0bf097a\" data-element_type=\"widget\" data-e-type=\"widget\" data-widget_type=\"text-editor.default\">\n\t\t\t\t\t\t\t\t\t<p>F\u00f6rs\u00e4ljningschef<\/p>\t\t\t\t\t\t\t\t<\/div>\n\t\t\t\t<div class=\"elementor-element elementor-element-afe37d0 elementor-widget elementor-widget-text-editor\" data-id=\"afe37d0\" data-element_type=\"widget\" data-e-type=\"widget\" data-widget_type=\"text-editor.default\">\n\t\t\t\t\t\t\t\t\t<p><a href=\"mailto:mihkel@solidfactory.se\">mihkel@solidfactory.se<\/a><\/p>\t\t\t\t\t\t\t\t<\/div>\n\t\t\t\t<\/div>\n\t\t\t\t\t<\/div>\n\t\t\t\t<\/div>\n\t\t<div class=\"elementor-element elementor-element-94972a5 e-flex e-con-boxed e-con e-child\" data-id=\"94972a5\" data-element_type=\"container\" data-e-type=\"container\">\n\t\t\t\t\t<div class=\"e-con-inner\">\n\t\t\t\t<div class=\"elementor-element elementor-element-b852ae2 clip-path-medium elementor-widget elementor-widget-image\" data-id=\"b852ae2\" data-element_type=\"widget\" data-e-type=\"widget\" data-widget_type=\"image.default\">\n\t\t\t\t\t\t\t\t\t\t\t\t\t\t\t<img loading=\"lazy\" decoding=\"async\" width=\"326\" height=\"434\" src=\"https:\/\/solidfactory.se\/wp-content\/uploads\/2026\/02\/Adobe-Express-file-3-1.png\" class=\"attachment-large size-large wp-image-864\" alt=\"\" srcset=\"https:\/\/solidfactory.se\/wp-content\/uploads\/2026\/02\/Adobe-Express-file-3-1.png 326w, https:\/\/solidfactory.se\/wp-content\/uploads\/2026\/02\/Adobe-Express-file-3-1-225x300.png 225w\" sizes=\"(max-width: 326px) 100vw, 326px\" \/>\t\t\t\t\t\t\t\t\t\t\t\t\t\t\t<\/div>\n\t\t<div class=\"elementor-element elementor-element-6be90a8 e-con-full e-flex e-con e-child\" data-id=\"6be90a8\" data-element_type=\"container\" data-e-type=\"container\">\n\t\t\t\t<div class=\"elementor-element elementor-element-8f26189 elementor-widget elementor-widget-heading\" data-id=\"8f26189\" data-element_type=\"widget\" data-e-type=\"widget\" data-widget_type=\"heading.default\">\n\t\t\t\t\t<h2 class=\"elementor-heading-title elementor-size-default\">Aaro Kess<\/h2>\t\t\t\t<\/div>\n\t\t\t\t<div class=\"elementor-element elementor-element-b12e31d elementor-widget elementor-widget-text-editor\" data-id=\"b12e31d\" data-element_type=\"widget\" data-e-type=\"widget\" data-widget_type=\"text-editor.default\">\n\t\t\t\t\t\t\t\t\t<p>Fabrikschef<\/p>\t\t\t\t\t\t\t\t<\/div>\n\t\t\t\t<\/div>\n\t\t\t\t\t<\/div>\n\t\t\t\t<\/div>\n\t\t<div class=\"elementor-element elementor-element-3a9cae1 e-flex e-con-boxed e-con e-child\" data-id=\"3a9cae1\" data-element_type=\"container\" data-e-type=\"container\">\n\t\t\t\t\t<div class=\"e-con-inner\">\n\t\t\t\t<div class=\"elementor-element elementor-element-d00ec77 clip-path-medium elementor-widget elementor-widget-image\" data-id=\"d00ec77\" data-element_type=\"widget\" data-e-type=\"widget\" data-widget_type=\"image.default\">\n\t\t\t\t\t\t\t\t\t\t\t\t\t\t\t<img loading=\"lazy\" decoding=\"async\" width=\"288\" height=\"432\" src=\"https:\/\/solidfactory.se\/wp-content\/uploads\/2026\/02\/Adobe-Express-file-2-1.png\" class=\"attachment-large size-large wp-image-863\" alt=\"\" srcset=\"https:\/\/solidfactory.se\/wp-content\/uploads\/2026\/02\/Adobe-Express-file-2-1.png 288w, https:\/\/solidfactory.se\/wp-content\/uploads\/2026\/02\/Adobe-Express-file-2-1-200x300.png 200w\" sizes=\"(max-width: 288px) 100vw, 288px\" \/>\t\t\t\t\t\t\t\t\t\t\t\t\t\t\t<\/div>\n\t\t<div class=\"elementor-element elementor-element-69f5d90 e-con-full e-flex e-con e-child\" data-id=\"69f5d90\" data-element_type=\"container\" data-e-type=\"container\">\n\t\t\t\t<div class=\"elementor-element elementor-element-fe1b188 elementor-widget elementor-widget-heading\" data-id=\"fe1b188\" data-element_type=\"widget\" data-e-type=\"widget\" data-widget_type=\"heading.default\">\n\t\t\t\t\t<h2 class=\"elementor-heading-title elementor-size-default\">Leonard Porovart<\/h2>\t\t\t\t<\/div>\n\t\t\t\t<div class=\"elementor-element elementor-element-8126262 elementor-widget elementor-widget-text-editor\" data-id=\"8126262\" data-element_type=\"widget\" data-e-type=\"widget\" data-widget_type=\"text-editor.default\">\n\t\t\t\t\t\t\t\t\t<p>Ingenj\u00f6r<\/p>\t\t\t\t\t\t\t\t<\/div>\n\t\t\t\t<\/div>\n\t\t\t\t\t<\/div>\n\t\t\t\t<\/div>\n\t\t\t\t<\/div>\n\t\t\t\t<\/div>\n\t\t\t\t\t<\/div>\n\t\t\t\t<\/div>\n\t\t\t\t<\/div>\n\t\t","protected":false},"excerpt":{"rendered":"<p>Kontakt Vi presterar b\u00e4st i projekt d\u00e4r monteringseffektivitet \u00e4r avg\u00f6rande, kvaliteten m\u00e5ste vara f\u00f6ruts\u00e4gbar och system f\u00f6redras framf\u00f6r improvisation. Okomplicerat. Alltid rakt p\u00e5 sak. Solid Factory \u00e4r en systempartner f\u00f6r projektteam som v\u00e4rdes\u00e4tter precision, struktur och repeterbar kvalitet. Vi st\u00f6djer projekt d\u00e4r planering \u00e4r viktig \u2013 och d\u00e4r kvaliteten byggs in innan produktionen p\u00e5b\u00f6rjas. Om [&hellip;]<\/p>\n","protected":false},"author":1,"featured_media":0,"parent":0,"menu_order":0,"comment_status":"closed","ping_status":"closed","template":"","meta":{"footnotes":""},"class_list":["post-861","page","type-page","status-publish","hentry"],"_links":{"self":[{"href":"https:\/\/solidfactory.se\/sv\/wp-json\/wp\/v2\/pages\/861","targetHints":{"allow":["GET"]}}],"collection":[{"href":"https:\/\/solidfactory.se\/sv\/wp-json\/wp\/v2\/pages"}],"about":[{"href":"https:\/\/solidfactory.se\/sv\/wp-json\/wp\/v2\/types\/page"}],"author":[{"embeddable":true,"href":"https:\/\/solidfactory.se\/sv\/wp-json\/wp\/v2\/users\/1"}],"replies":[{"embeddable":true,"href":"https:\/\/solidfactory.se\/sv\/wp-json\/wp\/v2\/comments?post=861"}],"version-history":[{"count":1,"href":"https:\/\/solidfactory.se\/sv\/wp-json\/wp\/v2\/pages\/861\/revisions"}],"predecessor-version":[{"id":995,"href":"https:\/\/solidfactory.se\/sv\/wp-json\/wp\/v2\/pages\/861\/revisions\/995"}],"wp:attachment":[{"href":"https:\/\/solidfactory.se\/sv\/wp-json\/wp\/v2\/media?parent=861"}],"curies":[{"name":"wp","href":"https:\/\/api.w.org\/{rel}","templated":true}]}}