{"id":824,"date":"2026-02-22T17:28:05","date_gmt":"2026-02-22T17:28:05","guid":{"rendered":"https:\/\/solidfactory.se\/karriar\/"},"modified":"2026-02-28T16:29:03","modified_gmt":"2026-02-28T16:29:03","slug":"karriar","status":"publish","type":"page","link":"https:\/\/solidfactory.se\/sv\/karriar\/","title":{"rendered":"Karri\u00e4r"},"content":{"rendered":"\t\t<div data-elementor-type=\"wp-page\" data-elementor-id=\"824\" class=\"elementor elementor-824 elementor-278\" data-elementor-post-type=\"page\">\n\t\t\t\t<div class=\"elementor-element elementor-element-88335af e-flex e-con-boxed e-con e-parent\" data-id=\"88335af\" data-element_type=\"container\" data-e-type=\"container\" data-settings=\"{&quot;background_background&quot;:&quot;classic&quot;}\">\n\t\t\t\t\t<div class=\"e-con-inner\">\n\t\t<div class=\"elementor-element elementor-element-9a7f229 e-con-full e-flex e-con e-child\" data-id=\"9a7f229\" data-element_type=\"container\" data-e-type=\"container\">\n\t\t\t\t<div class=\"elementor-element elementor-element-7675bac elementor-widget elementor-widget-heading\" data-id=\"7675bac\" data-element_type=\"widget\" data-e-type=\"widget\" data-widget_type=\"heading.default\">\n\t\t\t\t\t<h1 class=\"elementor-heading-title elementor-size-default\">Karri\u00e4r<\/h1>\t\t\t\t<\/div>\n\t\t\t\t<div class=\"elementor-element elementor-element-9c0ab0e elementor-widget elementor-widget-text-editor\" data-id=\"9c0ab0e\" data-element_type=\"widget\" data-e-type=\"widget\" data-widget_type=\"text-editor.default\">\n\t\t\t\t\t\t\t\t\t<p>Bygg system. F\u00f6rb\u00e4ttra processer. T\u00e4nk l\u00e5ngsiktigt.<\/p>\t\t\t\t\t\t\t\t<\/div>\n\t\t\t\t<\/div>\n\t\t\t\t\t<\/div>\n\t\t\t\t<\/div>\n\t\t<div class=\"elementor-element elementor-element-73cf4c2 clip-path-blue-dark e-flex e-con-boxed e-con e-parent\" data-id=\"73cf4c2\" data-element_type=\"container\" data-e-type=\"container\" data-settings=\"{&quot;background_background&quot;:&quot;classic&quot;}\">\n\t\t\t\t\t<div class=\"e-con-inner\">\n\t\t<div class=\"elementor-element elementor-element-a92d59d e-con-full e-flex e-con e-child\" data-id=\"a92d59d\" data-element_type=\"container\" data-e-type=\"container\">\n\t\t\t\t<div class=\"elementor-element elementor-element-e5dfec7 elementor-widget elementor-widget-heading\" data-id=\"e5dfec7\" data-element_type=\"widget\" data-e-type=\"widget\" data-widget_type=\"heading.default\">\n\t\t\t\t\t<h2 class=\"elementor-heading-title elementor-size-default\">P\u00e5 Solid Factory \u00e4r varje medarbetare en del av systemet.<\/h2>\t\t\t\t<\/div>\n\t\t\t\t<div class=\"elementor-element elementor-element-460b581 elementor-widget elementor-widget-text-editor\" data-id=\"460b581\" data-element_type=\"widget\" data-e-type=\"widget\" data-widget_type=\"text-editor.default\">\n\t\t\t\t\t\t\t\t\t<p>Vi bygger en LEAN-driven tillverkningsorganisation d\u00e4r varje medarbetare tar ansvar f\u00f6r sitt arbete och hj\u00e4lper oss att f\u00f6rb\u00e4ttra processerna.<br><br>Tillsammans bygger vi system som minskar komplexiteten p\u00e5 plats \u2013 och det b\u00f6rjar i fabriken.<\/p>\t\t\t\t\t\t\t\t<\/div>\n\t\t\t\t<\/div>\n\t\t<div class=\"elementor-element elementor-element-754935a e-con-full clip-path-large e-flex e-con e-child\" data-id=\"754935a\" data-element_type=\"container\" data-e-type=\"container\" data-settings=\"{&quot;background_background&quot;:&quot;classic&quot;}\">\n\t\t\t\t<\/div>\n\t\t\t\t\t<\/div>\n\t\t\t\t<\/div>\n\t\t<div class=\"elementor-element elementor-element-3a6629d clip-path-white e-flex e-con-boxed e-con e-parent\" data-id=\"3a6629d\" data-element_type=\"container\" data-e-type=\"container\" data-settings=\"{&quot;background_background&quot;:&quot;classic&quot;}\">\n\t\t\t\t\t<div class=\"e-con-inner\">\n\t\t<div class=\"elementor-element elementor-element-f0c02e0 e-con-full clip-path-large e-flex e-con e-child\" data-id=\"f0c02e0\" data-element_type=\"container\" data-e-type=\"container\" data-settings=\"{&quot;background_background&quot;:&quot;classic&quot;}\">\n\t\t\t\t<\/div>\n\t\t<div class=\"elementor-element elementor-element-585f3b2 e-con-full e-flex e-con e-child\" data-id=\"585f3b2\" data-element_type=\"container\" data-e-type=\"container\">\n\t\t\t\t<div class=\"elementor-element elementor-element-8de39c4 elementor-widget elementor-widget-heading\" data-id=\"8de39c4\" data-element_type=\"widget\" data-e-type=\"widget\" data-widget_type=\"heading.default\">\n\t\t\t\t\t<h2 class=\"elementor-heading-title elementor-size-default\">Vad det inneb\u00e4r att arbeta p\u00e5 Solid Factory<\/h2>\t\t\t\t<\/div>\n\t\t\t\t<div class=\"elementor-element elementor-element-c9315e3 elementor-widget elementor-widget-text-editor\" data-id=\"c9315e3\" data-element_type=\"widget\" data-e-type=\"widget\" data-widget_type=\"text-editor.default\">\n\t\t\t\t\t\t\t\t\t<p>Att arbeta p\u00e5 Solid Factory inneb\u00e4r ansvar fr\u00e5n dag ett och en f\u00f6rst\u00e5else f\u00f6r hur ditt arbete p\u00e5verkar den slutliga installationen.<br><br>Det kr\u00e4ver strukturerat samarbete, precision, st\u00e4ndiga f\u00f6rb\u00e4ttringar och ett l\u00e5ngsiktigt t\u00e4nkande.<br><br>Vi f\u00f6rb\u00e4ttrar system \u2013 vi klandrar inte m\u00e4nniskor.<\/p>\t\t\t\t\t\t\t\t<\/div>\n\t\t\t\t<div class=\"elementor-element elementor-element-cf93ff5 elementor-widget-divider--view-line elementor-widget elementor-widget-divider\" data-id=\"cf93ff5\" data-element_type=\"widget\" data-e-type=\"widget\" data-widget_type=\"divider.default\">\n\t\t\t\t\t\t\t<div class=\"elementor-divider\">\n\t\t\t<span class=\"elementor-divider-separator\">\n\t\t\t\t\t\t<\/span>\n\t\t<\/div>\n\t\t\t\t\t\t<\/div>\n\t\t\t\t<div class=\"elementor-element elementor-element-c5b2095 elementor-widget elementor-widget-heading\" data-id=\"c5b2095\" data-element_type=\"widget\" data-e-type=\"widget\" data-widget_type=\"heading.default\">\n\t\t\t\t\t<h2 class=\"elementor-heading-title elementor-size-default\">Du kommer att trivas <br>h\u00e4r om du:<\/h2>\t\t\t\t<\/div>\n\t\t\t\t<div class=\"elementor-element elementor-element-524836e elementor-icon-list--layout-traditional elementor-list-item-link-full_width elementor-widget elementor-widget-icon-list\" data-id=\"524836e\" data-element_type=\"widget\" data-e-type=\"widget\" data-widget_type=\"icon-list.default\">\n\t\t\t\t\t\t\t<ul class=\"elementor-icon-list-items\">\n\t\t\t\t\t\t\t<li class=\"elementor-icon-list-item\">\n\t\t\t\t\t\t\t\t\t\t\t<span class=\"elementor-icon-list-icon\">\n\t\t\t\t\t\t\t<svg xmlns=\"http:\/\/www.w3.org\/2000\/svg\" width=\"8\" height=\"8\" viewBox=\"0 0 8 8\" fill=\"none\"><path d=\"M5 0H4H3L0 3V4V5L3 8H4H5L8 5V4V3L5 0Z\" fill=\"#F9A51C\"><\/path><\/svg>\t\t\t\t\t\t<\/span>\n\t\t\t\t\t\t\t\t\t\t<span class=\"elementor-icon-list-text\">F\u00f6redrar struktur framf\u00f6r improvisation<\/span>\n\t\t\t\t\t\t\t\t\t<\/li>\n\t\t\t\t\t\t\t\t<li class=\"elementor-icon-list-item\">\n\t\t\t\t\t\t\t\t\t\t\t<span class=\"elementor-icon-list-icon\">\n\t\t\t\t\t\t\t<svg xmlns=\"http:\/\/www.w3.org\/2000\/svg\" width=\"8\" height=\"8\" viewBox=\"0 0 8 8\" fill=\"none\"><path d=\"M5 0H4H3L0 3V4V5L3 8H4H5L8 5V4V3L5 0Z\" fill=\"#F9A51C\"><\/path><\/svg>\t\t\t\t\t\t<\/span>\n\t\t\t\t\t\t\t\t\t\t<span class=\"elementor-icon-list-text\">Tar ansvar f\u00f6r dina arbetsuppgifter<\/span>\n\t\t\t\t\t\t\t\t\t<\/li>\n\t\t\t\t\t\t\t\t<li class=\"elementor-icon-list-item\">\n\t\t\t\t\t\t\t\t\t\t\t<span class=\"elementor-icon-list-icon\">\n\t\t\t\t\t\t\t<svg xmlns=\"http:\/\/www.w3.org\/2000\/svg\" width=\"8\" height=\"8\" viewBox=\"0 0 8 8\" fill=\"none\"><path d=\"M5 0H4H3L0 3V4V5L3 8H4H5L8 5V4V3L5 0Z\" fill=\"#F9A51C\"><\/path><\/svg>\t\t\t\t\t\t<\/span>\n\t\t\t\t\t\t\t\t\t\t<span class=\"elementor-icon-list-text\">Bryr dig om precision och teknisk tydlighet<\/span>\n\t\t\t\t\t\t\t\t\t<\/li>\n\t\t\t\t\t\t\t\t<li class=\"elementor-icon-list-item\">\n\t\t\t\t\t\t\t\t\t\t\t<span class=\"elementor-icon-list-icon\">\n\t\t\t\t\t\t\t<svg xmlns=\"http:\/\/www.w3.org\/2000\/svg\" width=\"8\" height=\"8\" viewBox=\"0 0 8 8\" fill=\"none\"><path d=\"M5 0H4H3L0 3V4V5L3 8H4H5L8 5V4V3L5 0Z\" fill=\"#F9A51C\"><\/path><\/svg>\t\t\t\t\t\t<\/span>\n\t\t\t\t\t\t\t\t\t\t<span class=\"elementor-icon-list-text\">F\u00f6rblir lugn och fokuserad under produktionstryck<\/span>\n\t\t\t\t\t\t\t\t\t<\/li>\n\t\t\t\t\t\t\t\t<li class=\"elementor-icon-list-item\">\n\t\t\t\t\t\t\t\t\t\t\t<span class=\"elementor-icon-list-icon\">\n\t\t\t\t\t\t\t<svg xmlns=\"http:\/\/www.w3.org\/2000\/svg\" width=\"8\" height=\"8\" viewBox=\"0 0 8 8\" fill=\"none\"><path d=\"M5 0H4H3L0 3V4V5L3 8H4H5L8 5V4V3L5 0Z\" fill=\"#F9A51C\"><\/path><\/svg>\t\t\t\t\t\t<\/span>\n\t\t\t\t\t\t\t\t\t\t<span class=\"elementor-icon-list-text\">Vill f\u00f6rb\u00e4ttra system \u2013 inte bara utf\u00f6ra uppgifter<\/span>\n\t\t\t\t\t\t\t\t\t<\/li>\n\t\t\t\t\t\t<\/ul>\n\t\t\t\t\t\t<\/div>\n\t\t\t\t<\/div>\n\t\t\t\t\t<\/div>\n\t\t\t\t<\/div>\n\t\t<div class=\"elementor-element elementor-element-dc9065a clip-path-gray e-flex e-con-boxed e-con e-parent\" data-id=\"dc9065a\" data-element_type=\"container\" data-e-type=\"container\" data-settings=\"{&quot;background_background&quot;:&quot;classic&quot;}\">\n\t\t\t\t\t<div class=\"e-con-inner\">\n\t\t\t\t<div class=\"elementor-element elementor-element-8345cee e-con e-atomic-element e-flexbox-base e-8345cee-e0c1687\" data-id=\"8345cee\" data-element_type=\"e-flexbox\" data-e-type=\"e-flexbox\" data-e-type=\"e-flexbox\" data-id=\"8345cee\">\n\t\t\t\t<div class=\"elementor-element elementor-element-7bf78a4 elementor-widget elementor-widget-heading\" data-id=\"7bf78a4\" data-element_type=\"widget\" data-e-type=\"widget\" data-widget_type=\"heading.default\">\n\t\t\t\t\t<h2 class=\"elementor-heading-title elementor-size-default\">LEAN \u00e4r en integrerad del <br>av v\u00e5rt dagliga arbete.<\/h2>\t\t\t\t<\/div>\n\t\t<div class=\"elementor-element elementor-element-6766333 e-flex e-con-boxed e-con e-parent\" data-id=\"6766333\" data-element_type=\"container\" data-e-type=\"container\">\n\t\t\t\t\t<div class=\"e-con-inner\">\n\t\t<div class=\"elementor-element elementor-element-ed93fde e-con-full clip-path-medium e-flex e-con e-child\" data-id=\"ed93fde\" data-element_type=\"container\" data-e-type=\"container\" data-settings=\"{&quot;background_background&quot;:&quot;classic&quot;}\">\n\t\t\t\t<div class=\"elementor-element elementor-element-9511123 elementor-widget elementor-widget-heading\" data-id=\"9511123\" data-element_type=\"widget\" data-e-type=\"widget\" data-widget_type=\"heading.default\">\n\t\t\t\t\t<h3 class=\"elementor-heading-title elementor-size-default\">Inbyggd kvalitet<\/h3>\t\t\t\t<\/div>\n\t\t\t\t<div class=\"elementor-element elementor-element-081e8ce elementor-widget elementor-widget-text-editor\" data-id=\"081e8ce\" data-element_type=\"widget\" data-e-type=\"widget\" data-widget_type=\"text-editor.default\">\n\t\t\t\t\t\t\t\t\t<p>Kvalitet byggs in i varje steg, vilket minimerar fel ist\u00e4llet f\u00f6r att kontrollera problem i efterhand.<\/p>\t\t\t\t\t\t\t\t<\/div>\n\t\t\t\t<\/div>\n\t\t<div class=\"elementor-element elementor-element-60dd11f e-con-full clip-path-medium e-flex e-con e-child\" data-id=\"60dd11f\" data-element_type=\"container\" data-e-type=\"container\" data-settings=\"{&quot;background_background&quot;:&quot;classic&quot;}\">\n\t\t\t\t<div class=\"elementor-element elementor-element-d52e0d7 elementor-widget elementor-widget-heading\" data-id=\"d52e0d7\" data-element_type=\"widget\" data-e-type=\"widget\" data-widget_type=\"heading.default\">\n\t\t\t\t\t<h3 class=\"elementor-heading-title elementor-size-default\">Standardiserad process<\/h3>\t\t\t\t<\/div>\n\t\t\t\t<div class=\"elementor-element elementor-element-0ac7317 elementor-widget elementor-widget-text-editor\" data-id=\"0ac7317\" data-element_type=\"widget\" data-e-type=\"widget\" data-widget_type=\"text-editor.default\">\n\t\t\t\t\t\t\t\t\t<p>Repeterbara arbetsfl\u00f6den s\u00e4kerst\u00e4ller konsekvent kvalitet, f\u00f6ruts\u00e4gbar leverans och minskad variation i alla projekt.<\/p>\t\t\t\t\t\t\t\t<\/div>\n\t\t\t\t<\/div>\n\t\t<div class=\"elementor-element elementor-element-d185da1 e-con-full clip-path-medium e-flex e-con e-child\" data-id=\"d185da1\" data-element_type=\"container\" data-e-type=\"container\" data-settings=\"{&quot;background_background&quot;:&quot;classic&quot;}\">\n\t\t\t\t<div class=\"elementor-element elementor-element-9dfefe8 elementor-widget elementor-widget-heading\" data-id=\"9dfefe8\" data-element_type=\"widget\" data-e-type=\"widget\" data-widget_type=\"heading.default\">\n\t\t\t\t\t<h3 class=\"elementor-heading-title elementor-size-default\">St\u00e4ndiga f\u00f6rb\u00e4ttringar<\/h3>\t\t\t\t<\/div>\n\t\t\t\t<div class=\"elementor-element elementor-element-402cce1 elementor-widget elementor-widget-text-editor\" data-id=\"402cce1\" data-element_type=\"widget\" data-e-type=\"widget\" data-widget_type=\"text-editor.default\">\n\t\t\t\t\t\t\t\t\t<p>Feedback fr\u00e5n produktion och arbetsplats driver l\u00f6pande systemf\u00f6rb\u00e4ttringar och l\u00e5ngsiktiga prestandavinster.<\/p>\t\t\t\t\t\t\t\t<\/div>\n\t\t\t\t<\/div>\n\t\t\t\t\t<\/div>\n\t\t\t\t<\/div>\n\t\t\t\t<\/div>\n\t\t\t\t\t<\/div>\n\t\t\t\t<\/div>\n\t\t<div class=\"elementor-element elementor-element-308ebe3 clip-path-large e-flex e-con-boxed e-con e-parent\" data-id=\"308ebe3\" data-element_type=\"container\" data-e-type=\"container\" data-settings=\"{&quot;background_background&quot;:&quot;classic&quot;}\">\n\t\t\t\t\t<div class=\"e-con-inner\">\n\t\t<div class=\"elementor-element elementor-element-3f0ee16 e-con-full e-flex e-con e-child\" data-id=\"3f0ee16\" data-element_type=\"container\" data-e-type=\"container\">\n\t\t\t\t<div class=\"elementor-element elementor-element-c21d679 elementor-widget elementor-widget-heading\" data-id=\"c21d679\" data-element_type=\"widget\" data-e-type=\"widget\" data-widget_type=\"heading.default\">\n\t\t\t\t\t<h2 class=\"elementor-heading-title elementor-size-default\">Vi s\u00f6ker personer som arbetar med <span style=\"color: var(--e-global-color-accent)\">precision<\/span>, tar <span style=\"color: var(--e-global-color-accent)\">ansvar<\/span> f\u00f6r sina uppgifter och agerar med <span style=\"color: var(--e-global-color-accent)\">tydlighet<\/span> och <span style=\"color: var(--e-global-color-accent)\">lugn<\/span> under press.<\/h2>\t\t\t\t<\/div>\n\t\t\t\t<\/div>\n\t\t\t\t\t<\/div>\n\t\t\t\t<\/div>\n\t\t<div class=\"elementor-element elementor-element-db285d3 e-flex e-con-boxed e-con e-parent\" data-id=\"db285d3\" data-element_type=\"container\" data-e-type=\"container\">\n\t\t\t\t\t<div class=\"e-con-inner\">\n\t\t<div class=\"elementor-element elementor-element-d7c9b76 e-con-full clip-path-large e-flex e-con e-child\" data-id=\"d7c9b76\" data-element_type=\"container\" data-e-type=\"container\" data-settings=\"{&quot;background_background&quot;:&quot;classic&quot;}\">\n\t\t\t\t<div class=\"elementor-element elementor-element-0ec2d00 elementor-widget elementor-widget-heading\" data-id=\"0ec2d00\" data-element_type=\"widget\" data-e-type=\"widget\" data-widget_type=\"heading.default\">\n\t\t\t\t\t<h2 class=\"elementor-heading-title elementor-size-default\">Varje medarbetare \u00e4r<\/h2>\t\t\t\t<\/div>\n\t\t\t\t<div class=\"elementor-element elementor-element-08339da elementor-widget elementor-widget-text-editor\" data-id=\"08339da\" data-element_type=\"widget\" data-e-type=\"widget\" data-widget_type=\"text-editor.default\">\n\t\t\t\t\t\t\t\t\t<p>en process\u00e4gare, en probleml\u00f6sare, en kvalitetsv\u00e4ktare och en partner till v\u00e5ra kunder.<\/p>\t\t\t\t\t\t\t\t<\/div>\n\t\t\t\t\t    \t            <a\n            \t\t\thref=\"https:\/\/solidfactory.se\/sv\/kontakt\/\"\n        target=\"_self\"\n            class=\"Button e-084ba01-b52027a Button--outline e-button-base\"\n            data-interaction-id=\"084ba01\"\n            data-interactions=\"&#x5B;&#x5D;\"\n             data-e-type=\"widget\" data-id=\"084ba01\"\n        >\n            Skicka spontanans\u00f6kan\n        <\/a>\n    \t\t\t\t<\/div>\n\t\t<div class=\"elementor-element elementor-element-a54f114 e-con-full clip-path-large e-flex e-con e-child\" data-id=\"a54f114\" data-element_type=\"container\" data-e-type=\"container\" data-settings=\"{&quot;background_background&quot;:&quot;classic&quot;}\">\n\t\t\t\t<\/div>\n\t\t\t\t\t<\/div>\n\t\t\t\t<\/div>\n\t\t\t\t<\/div>\n\t\t","protected":false},"excerpt":{"rendered":"<p>Karri\u00e4r Bygg system. F\u00f6rb\u00e4ttra processer. T\u00e4nk l\u00e5ngsiktigt. P\u00e5 Solid Factory \u00e4r varje medarbetare en del av systemet. Vi bygger en LEAN-driven tillverkningsorganisation d\u00e4r varje medarbetare tar ansvar f\u00f6r sitt arbete och hj\u00e4lper oss att f\u00f6rb\u00e4ttra processerna. Tillsammans bygger vi system som minskar komplexiteten p\u00e5 plats \u2013 och det b\u00f6rjar i fabriken. Vad det inneb\u00e4r att [&hellip;]<\/p>\n","protected":false},"author":1,"featured_media":0,"parent":0,"menu_order":0,"comment_status":"closed","ping_status":"closed","template":"","meta":{"footnotes":""},"class_list":["post-824","page","type-page","status-publish","hentry"],"_links":{"self":[{"href":"https:\/\/solidfactory.se\/sv\/wp-json\/wp\/v2\/pages\/824","targetHints":{"allow":["GET"]}}],"collection":[{"href":"https:\/\/solidfactory.se\/sv\/wp-json\/wp\/v2\/pages"}],"about":[{"href":"https:\/\/solidfactory.se\/sv\/wp-json\/wp\/v2\/types\/page"}],"author":[{"embeddable":true,"href":"https:\/\/solidfactory.se\/sv\/wp-json\/wp\/v2\/users\/1"}],"replies":[{"embeddable":true,"href":"https:\/\/solidfactory.se\/sv\/wp-json\/wp\/v2\/comments?post=824"}],"version-history":[{"count":1,"href":"https:\/\/solidfactory.se\/sv\/wp-json\/wp\/v2\/pages\/824\/revisions"}],"predecessor-version":[{"id":996,"href":"https:\/\/solidfactory.se\/sv\/wp-json\/wp\/v2\/pages\/824\/revisions\/996"}],"wp:attachment":[{"href":"https:\/\/solidfactory.se\/sv\/wp-json\/wp\/v2\/media?parent=824"}],"curies":[{"name":"wp","href":"https:\/\/api.w.org\/{rel}","templated":true}]}}